{"id":289,"date":"2020-12-21T15:06:44","date_gmt":"2020-12-21T13:06:44","guid":{"rendered":"https:\/\/www.zeroten.palvelin.pro\/paino\/?page_id=289"},"modified":"2021-06-18T09:34:14","modified_gmt":"2021-06-18T06:34:14","slug":"tilausjarjestelma","status":"publish","type":"page","link":"https:\/\/zeroten2.palvelin.pro\/paino\/palvelut\/tilausjarjestelma\/","title":{"rendered":"VIPnet-tilauskanava"},"content":{"rendered":"\t\t<div data-elementor-type=\"wp-page\" data-elementor-id=\"289\" class=\"elementor elementor-289\" data-elementor-post-type=\"page\">\n\t\t\t\t\t\t<section class=\"elementor-section elementor-top-section elementor-element elementor-element-1ed92838 elementor-section-height-min-height elementor-section-boxed elementor-section-height-default elementor-section-items-middle\" data-id=\"1ed92838\" data-element_type=\"section\" data-e-type=\"section\" data-settings=\"{&quot;background_background&quot;:&quot;classic&quot;}\">\n\t\t\t\t\t\t\t<div class=\"elementor-background-overlay\"><\/div>\n\t\t\t\t\t\t\t<div class=\"elementor-container elementor-column-gap-default\">\n\t\t\t\t\t<div class=\"elementor-column elementor-col-100 elementor-top-column elementor-element elementor-element-58c24d9c\" data-id=\"58c24d9c\" data-element_type=\"column\" data-e-type=\"column\">\n\t\t\t<div class=\"elementor-widget-wrap elementor-element-populated\">\n\t\t\t\t\t\t<section class=\"elementor-section elementor-inner-section elementor-element elementor-element-2e31ec85 elementor-section-boxed elementor-section-height-default elementor-section-height-default\" data-id=\"2e31ec85\" data-element_type=\"section\" data-e-type=\"section\">\n\t\t\t\t\t\t<div class=\"elementor-container elementor-column-gap-default\">\n\t\t\t\t\t<div class=\"elementor-column elementor-col-50 elementor-inner-column elementor-element elementor-element-3ee5f1ad\" data-id=\"3ee5f1ad\" data-element_type=\"column\" data-e-type=\"column\">\n\t\t\t<div class=\"elementor-widget-wrap elementor-element-populated\">\n\t\t\t\t\t\t<div class=\"elementor-element elementor-element-5244d677 elementor-widget elementor-widget-text-editor\" data-id=\"5244d677\" data-element_type=\"widget\" data-e-type=\"widget\" data-widget_type=\"text-editor.default\">\n\t\t\t\t<div class=\"elementor-widget-container\">\n\t\t\t\t\t\t\t\t\t<p>T\u00e4yt\u00e4, esikatsele ja tilaa helposti, nopeasti ja edullisesti. Voit tilata milloin tahansa, miss\u00e4 tahansa. S\u00e4hk\u00f6inen tilausj\u00e4rjestelm\u00e4 on saatavilla yritysasiakkaille.<\/p>\t\t\t\t\t\t\t\t<\/div>\n\t\t\t\t<\/div>\n\t\t\t\t<div class=\"elementor-element elementor-element-7f79162d elementor-widget__width-auto elementor-widget elementor-widget-button\" data-id=\"7f79162d\" data-element_type=\"widget\" data-e-type=\"widget\" data-widget_type=\"button.default\">\n\t\t\t\t<div class=\"elementor-widget-container\">\n\t\t\t\t\t\t\t\t\t<div class=\"elementor-button-wrapper\">\n\t\t\t\t\t<a class=\"elementor-button elementor-button-link elementor-size-sm\" href=\"https:\/\/vip.paino.net\">\n\t\t\t\t\t\t<span class=\"elementor-button-content-wrapper\">\n\t\t\t\t\t\t\t\t\t<span class=\"elementor-button-text\">Tilausj\u00e4rjestelm\u00e4\u00e4n<\/span>\n\t\t\t\t\t<\/span>\n\t\t\t\t\t<\/a>\n\t\t\t\t<\/div>\n\t\t\t\t\t\t\t\t<\/div>\n\t\t\t\t<\/div>\n\t\t\t\t<div class=\"elementor-element elementor-element-6eb35cbf elementor-widget__width-auto elementor-widget elementor-widget-button\" data-id=\"6eb35cbf\" data-element_type=\"widget\" data-e-type=\"widget\" data-widget_type=\"button.default\">\n\t\t\t\t<div class=\"elementor-widget-container\">\n\t\t\t\t\t\t\t\t\t<div class=\"elementor-button-wrapper\">\n\t\t\t\t\t<a class=\"elementor-button elementor-button-link elementor-size-sm\" href=\"https:\/\/zeroten2.palvelin.pro\/paino\/yhteystiedot\/\">\n\t\t\t\t\t\t<span class=\"elementor-button-content-wrapper\">\n\t\t\t\t\t\t\t\t\t<span class=\"elementor-button-text\">Ota yhteytt\u00e4<\/span>\n\t\t\t\t\t<\/span>\n\t\t\t\t\t<\/a>\n\t\t\t\t<\/div>\n\t\t\t\t\t\t\t\t<\/div>\n\t\t\t\t<\/div>\n\t\t\t\t\t<\/div>\n\t\t<\/div>\n\t\t\t\t<div class=\"elementor-column elementor-col-50 elementor-inner-column elementor-element elementor-element-544e0782\" data-id=\"544e0782\" data-element_type=\"column\" data-e-type=\"column\">\n\t\t\t<div class=\"elementor-widget-wrap elementor-element-populated\">\n\t\t\t\t\t\t<div class=\"elementor-element elementor-element-5aa5fe3 elementor-widget elementor-widget-image\" data-id=\"5aa5fe3\" data-element_type=\"widget\" data-e-type=\"widget\" data-widget_type=\"image.default\">\n\t\t\t\t<div class=\"elementor-widget-container\">\n\t\t\t\t\t\t\t\t\t\t\t\t\t\t\t<img fetchpriority=\"high\" decoding=\"async\" width=\"750\" height=\"251\" src=\"https:\/\/zeroten2.palvelin.pro\/paino\/wp-content\/uploads\/2021\/06\/VIPnet-logo.png\" class=\"attachment-large size-large wp-image-2705\" alt=\"\" srcset=\"https:\/\/zeroten2.palvelin.pro\/paino\/wp-content\/uploads\/2021\/06\/VIPnet-logo.png 1000w, https:\/\/zeroten2.palvelin.pro\/paino\/wp-content\/uploads\/2021\/06\/VIPnet-logo-600x201.png 600w, https:\/\/zeroten2.palvelin.pro\/paino\/wp-content\/uploads\/2021\/06\/VIPnet-logo-300x101.png 300w, https:\/\/zeroten2.palvelin.pro\/paino\/wp-content\/uploads\/2021\/06\/VIPnet-logo-768x257.png 768w\" sizes=\"(max-width: 750px) 100vw, 750px\" style=\"width:100%;height:33.5%;max-width:1000px\" \/>\t\t\t\t\t\t\t\t\t\t\t\t\t\t\t<\/div>\n\t\t\t\t<\/div>\n\t\t\t\t\t<\/div>\n\t\t<\/div>\n\t\t\t\t\t<\/div>\n\t\t<\/section>\n\t\t\t\t\t<\/div>\n\t\t<\/div>\n\t\t\t\t\t<\/div>\n\t\t<\/section>\n\t\t\t\t<section class=\"elementor-section elementor-top-section elementor-element elementor-element-159f0055 elementor-section-boxed elementor-section-height-default elementor-section-height-default\" data-id=\"159f0055\" data-element_type=\"section\" data-e-type=\"section\">\n\t\t\t\t\t\t<div class=\"elementor-container elementor-column-gap-extended\">\n\t\t\t\t\t<div class=\"elementor-column elementor-col-100 elementor-top-column elementor-element elementor-element-5dfbd61a\" data-id=\"5dfbd61a\" data-element_type=\"column\" data-e-type=\"column\">\n\t\t\t<div class=\"elementor-widget-wrap elementor-element-populated\">\n\t\t\t\t\t\t<div class=\"elementor-element elementor-element-5fe3780f elementor-widget elementor-widget-heading\" data-id=\"5fe3780f\" data-element_type=\"widget\" data-e-type=\"widget\" data-widget_type=\"heading.default\">\n\t\t\t\t<div class=\"elementor-widget-container\">\n\t\t\t\t\t<h3 class=\"elementor-heading-title elementor-size-default\">VIPnet on painoaineistojen tilauskanava yritysasiakkaille<\/h3>\t\t\t\t<\/div>\n\t\t\t\t<\/div>\n\t\t\t\t<div class=\"elementor-element elementor-element-697f0fc2 elementor-widget elementor-widget-text-editor\" data-id=\"697f0fc2\" data-element_type=\"widget\" data-e-type=\"widget\" data-widget_type=\"text-editor.default\">\n\t\t\t\t<div class=\"elementor-widget-container\">\n\t\t\t\t\t\t\t\t\t<p>Onko organisaatiollanne tarve painattaa usein toistuvia materiaaleja (esim. k\u00e4yntikortteja) samalle graafiselle pohjalle? N\u00e4m\u00e4 on kustannustehokkainta toteuttaa tilausj\u00e4rjestelm\u00e4mme kautta.<\/p>\t\t\t\t\t\t\t\t<\/div>\n\t\t\t\t<\/div>\n\t\t\t\t\t<\/div>\n\t\t<\/div>\n\t\t\t\t\t<\/div>\n\t\t<\/section>\n\t\t\t\t<section class=\"elementor-section elementor-top-section elementor-element elementor-element-49115e2 elementor-section-boxed elementor-section-height-default elementor-section-height-default\" data-id=\"49115e2\" data-element_type=\"section\" data-e-type=\"section\">\n\t\t\t\t\t\t<div class=\"elementor-container elementor-column-gap-default\">\n\t\t\t\t\t<div class=\"elementor-column elementor-col-50 elementor-top-column elementor-element elementor-element-318a58e\" data-id=\"318a58e\" data-element_type=\"column\" data-e-type=\"column\">\n\t\t\t<div class=\"elementor-widget-wrap elementor-element-populated\">\n\t\t\t\t\t\t<div class=\"elementor-element elementor-element-78cf89a2 elementor-widget elementor-widget-heading\" data-id=\"78cf89a2\" data-element_type=\"widget\" data-e-type=\"widget\" data-widget_type=\"heading.default\">\n\t\t\t\t<div class=\"elementor-widget-container\">\n\t\t\t\t\t<h4 class=\"elementor-heading-title elementor-size-default\">Nopeaa ja edullista<\/h4>\t\t\t\t<\/div>\n\t\t\t\t<\/div>\n\t\t\t\t<div class=\"elementor-element elementor-element-1bcbbde8 elementor-widget elementor-widget-text-editor\" data-id=\"1bcbbde8\" data-element_type=\"widget\" data-e-type=\"widget\" data-widget_type=\"text-editor.default\">\n\t\t\t\t<div class=\"elementor-widget-container\">\n\t\t\t\t\t\t\t\t\t<p>Usein toistuvissa tarpeissa teett\u00e4\u00e4 henkil\u00f6st\u00f6lle tai sidosryhmille painotuotteita, on kustannustehokkainta k\u00e4ytt\u00e4\u00e4 valmista aineistopohjaa. Esimerkiksi k\u00e4yntikortit kannattaa teett\u00e4\u00e4 mainostoimistolla tai graafisella suunnittelijalla vain kerran. T\u00e4m\u00e4n j\u00e4lkeen valmista pohjaa hy\u00f6dynnet\u00e4\u00e4n vaihtamalla vain muuttuvat tiedot, kuten yhteystiedot. Kun k\u00e4yt\u00f6ss\u00e4 on tilausj\u00e4rjestelm\u00e4, voi kuka tahansa organisaatiossa tilata painotuotteita helposti, nopeasti ja edullisesti ilman graafikoiden ty\u00f6panosta tai tarvetta graafisten suunnitteluohjelmien k\u00e4ytt\u00e4miseen.<\/p>\t\t\t\t\t\t\t\t<\/div>\n\t\t\t\t<\/div>\n\t\t\t\t\t<\/div>\n\t\t<\/div>\n\t\t\t\t<div class=\"elementor-column elementor-col-50 elementor-top-column elementor-element elementor-element-f7ae2e4\" data-id=\"f7ae2e4\" data-element_type=\"column\" data-e-type=\"column\">\n\t\t\t<div class=\"elementor-widget-wrap elementor-element-populated\">\n\t\t\t\t\t\t<div class=\"elementor-element elementor-element-2480f022 elementor-widget elementor-widget-heading\" data-id=\"2480f022\" data-element_type=\"widget\" data-e-type=\"widget\" data-widget_type=\"heading.default\">\n\t\t\t\t<div class=\"elementor-widget-container\">\n\t\t\t\t\t<h4 class=\"elementor-heading-title elementor-size-default\">Keskitetty aineistopankki ja tilausj\u00e4rjestelm\u00e4<\/h4>\t\t\t\t<\/div>\n\t\t\t\t<\/div>\n\t\t\t\t<div class=\"elementor-element elementor-element-6e5bc86d elementor-widget elementor-widget-text-editor\" data-id=\"6e5bc86d\" data-element_type=\"widget\" data-e-type=\"widget\" data-widget_type=\"text-editor.default\">\n\t\t\t\t<div class=\"elementor-widget-container\">\n\t\t\t\t\t\t\t\t\t<p>Kun aineistojen graafiset pohjat on kerran suunniteltu ja asennettu j\u00e4rjestelm\u00e4\u00e4n, ne ovat tallessa ja aina saatavilla. Versioista ja aineistojen sijainneista pilvipalveluissa tai ty\u00f6asemilla ei tarvitse huolehtia, koska aineistot, niiden muokkaus ja valmiiden tuotteiden tilaus on keskitetysti yhdess\u00e4 varmassa paikassa. My\u00f6sk\u00e4\u00e4n aika tai paikka eiv\u00e4t rajoita uusien painoaineistojen tilaamista, koska j\u00e4rjestelm\u00e4 on online 24\/7. K\u00e4yntikortit, flyerit, k\u00e4ytt\u00f6ohjeet tai vastaavat materiaalit ovat muokattavissa ja tilattavissa mist\u00e4 ja milloin tahansa \u2013 yksitt\u00e4isin\u00e4 kappaleina tai suurina m\u00e4\u00e4rin\u00e4. Digipainossamme painettuina my\u00f6s pienet m\u00e4\u00e4r\u00e4t tulevat edulliseksi.<\/p>\t\t\t\t\t\t\t\t<\/div>\n\t\t\t\t<\/div>\n\t\t\t\t\t<\/div>\n\t\t<\/div>\n\t\t\t\t\t<\/div>\n\t\t<\/section>\n\t\t\t\t<section class=\"elementor-section elementor-top-section elementor-element elementor-element-2693b1a8 elementor-section-height-min-height elementor-section-boxed elementor-section-height-default elementor-section-items-middle\" data-id=\"2693b1a8\" data-element_type=\"section\" data-e-type=\"section\" data-settings=\"{&quot;background_background&quot;:&quot;classic&quot;}\">\n\t\t\t\t\t\t\t<div class=\"elementor-background-overlay\"><\/div>\n\t\t\t\t\t\t\t<div class=\"elementor-container elementor-column-gap-default\">\n\t\t\t\t\t<div class=\"elementor-column elementor-col-100 elementor-top-column elementor-element elementor-element-7ec4b045\" data-id=\"7ec4b045\" data-element_type=\"column\" data-e-type=\"column\">\n\t\t\t<div class=\"elementor-widget-wrap elementor-element-populated\">\n\t\t\t\t\t\t<section class=\"elementor-section elementor-inner-section elementor-element elementor-element-1ca62b4f elementor-section-boxed elementor-section-height-default elementor-section-height-default\" data-id=\"1ca62b4f\" data-element_type=\"section\" data-e-type=\"section\">\n\t\t\t\t\t\t<div class=\"elementor-container elementor-column-gap-default\">\n\t\t\t\t\t<div class=\"elementor-column elementor-col-100 elementor-inner-column elementor-element elementor-element-66c8e74f\" data-id=\"66c8e74f\" data-element_type=\"column\" data-e-type=\"column\">\n\t\t\t<div class=\"elementor-widget-wrap elementor-element-populated\">\n\t\t\t\t\t\t<div class=\"elementor-element elementor-element-45e9c96d elementor-widget elementor-widget-heading\" data-id=\"45e9c96d\" data-element_type=\"widget\" data-e-type=\"widget\" data-widget_type=\"heading.default\">\n\t\t\t\t<div class=\"elementor-widget-container\">\n\t\t\t\t\t<h2 class=\"elementor-heading-title elementor-size-default\">Pyyd\u00e4 tarjous<\/h2>\t\t\t\t<\/div>\n\t\t\t\t<\/div>\n\t\t\t\t<div class=\"elementor-element elementor-element-442a085e elementor-widget elementor-widget-text-editor\" data-id=\"442a085e\" data-element_type=\"widget\" data-e-type=\"widget\" data-widget_type=\"text-editor.default\">\n\t\t\t\t<div class=\"elementor-widget-container\">\n\t\t\t\t\t\t\t\t\t<p>Valmistamme painotuotteet monipuolisesti eri kokoisille yrityksille, teollisuudesta tuotantoon. Verkkokauppamme on auki 24\/7. \u00a0<\/p><p>\u00a0<\/p>\t\t\t\t\t\t\t\t<\/div>\n\t\t\t\t<\/div>\n\t\t\t\t\t<\/div>\n\t\t<\/div>\n\t\t\t\t\t<\/div>\n\t\t<\/section>\n\t\t\t\t<section class=\"elementor-section elementor-inner-section elementor-element elementor-element-793326aa elementor-section-boxed elementor-section-height-default elementor-section-height-default\" data-id=\"793326aa\" data-element_type=\"section\" data-e-type=\"section\">\n\t\t\t\t\t\t<div class=\"elementor-container elementor-column-gap-default\">\n\t\t\t\t\t<div class=\"elementor-column elementor-col-100 elementor-inner-column elementor-element elementor-element-4d48dea9\" data-id=\"4d48dea9\" data-element_type=\"column\" data-e-type=\"column\">\n\t\t\t<div class=\"elementor-widget-wrap elementor-element-populated\">\n\t\t\t\t\t\t<div class=\"elementor-element elementor-element-2995e774 elementor-align-center elementor-tablet-align-right elementor-widget__width-initial elementor-widget-tablet__width-auto elementor-widget elementor-widget-button\" data-id=\"2995e774\" data-element_type=\"widget\" data-e-type=\"widget\" data-widget_type=\"button.default\">\n\t\t\t\t<div class=\"elementor-widget-container\">\n\t\t\t\t\t\t\t\t\t<div class=\"elementor-button-wrapper\">\n\t\t\t\t\t<a class=\"elementor-button elementor-button-link elementor-size-sm\" href=\"https:\/\/zeroten2.palvelin.pro\/paino\/pyyda-tarjous\/\">\n\t\t\t\t\t\t<span class=\"elementor-button-content-wrapper\">\n\t\t\t\t\t\t\t\t\t<span class=\"elementor-button-text\">PYYD\u00c4 TARJOUS<\/span>\n\t\t\t\t\t<\/span>\n\t\t\t\t\t<\/a>\n\t\t\t\t<\/div>\n\t\t\t\t\t\t\t\t<\/div>\n\t\t\t\t<\/div>\n\t\t\t\t\t<\/div>\n\t\t<\/div>\n\t\t\t\t\t<\/div>\n\t\t<\/section>\n\t\t\t\t\t<\/div>\n\t\t<\/div>\n\t\t\t\t\t<\/div>\n\t\t<\/section>\n\t\t\t\t<\/div>\n\t\t","protected":false},"excerpt":{"rendered":"<p>T\u00e4yt\u00e4, esikatsele ja tilaa helposti, nopeasti ja edullisesti. Voit tilata milloin tahansa, miss\u00e4 tahansa. S\u00e4hk\u00f6inen tilausj\u00e4rjestelm\u00e4 on saatavilla yritysasiakkaille. Tilausj\u00e4rjestelm\u00e4\u00e4n Ota yhteytt\u00e4 VIPnet on painoaineistojen tilauskanava yritysasiakkaille Onko organisaatiollanne tarve painattaa usein toistuvia materiaaleja (esim. k\u00e4yntikortteja) samalle graafiselle pohjalle? N\u00e4m\u00e4 on kustannustehokkainta toteuttaa tilausj\u00e4rjestelm\u00e4mme kautta. Nopeaa ja edullista Usein toistuvissa tarpeissa teett\u00e4\u00e4 henkil\u00f6st\u00f6lle tai sidosryhmille&hellip; <a class=\"more-link\" href=\"https:\/\/zeroten2.palvelin.pro\/paino\/palvelut\/tilausjarjestelma\/\">Jatka lukemista <span class=\"screen-reader-text\">VIPnet-tilauskanava<\/span><\/a><\/p>\n","protected":false},"author":9,"featured_media":0,"parent":27,"menu_order":0,"comment_status":"closed","ping_status":"closed","template":"","meta":{"inline_featured_image":false,"footnotes":""},"class_list":["post-289","page","type-page","status-publish","hentry","entry"],"yoast_head":"<!-- This site is optimized with the Yoast SEO plugin v25.6 - https:\/\/yoast.com\/wordpress\/plugins\/seo\/ -->\n<title>VIPnet-tilauskanava | Painonet Oy<\/title>\n<meta name=\"robots\" content=\"noindex, follow, max-snippet:-1, max-image-preview:large, max-video-preview:-1\" \/>\n<meta property=\"og:locale\" content=\"fi_FI\" \/>\n<meta property=\"og:type\" content=\"article\" \/>\n<meta property=\"og:title\" content=\"VIPnet-tilauskanava | Painonet Oy\" \/>\n<meta property=\"og:description\" content=\"T\u00e4yt\u00e4, esikatsele ja tilaa helposti, nopeasti ja edullisesti. Voit tilata milloin tahansa, miss\u00e4 tahansa. S\u00e4hk\u00f6inen tilausj\u00e4rjestelm\u00e4 on saatavilla yritysasiakkaille. Tilausj\u00e4rjestelm\u00e4\u00e4n Ota yhteytt\u00e4 VIPnet on painoaineistojen tilauskanava yritysasiakkaille Onko organisaatiollanne tarve painattaa usein toistuvia materiaaleja (esim. k\u00e4yntikortteja) samalle graafiselle pohjalle? N\u00e4m\u00e4 on kustannustehokkainta toteuttaa tilausj\u00e4rjestelm\u00e4mme kautta. Nopeaa ja edullista Usein toistuvissa tarpeissa teett\u00e4\u00e4 henkil\u00f6st\u00f6lle tai sidosryhmille&hellip; Jatka lukemista VIPnet-tilauskanava\" \/>\n<meta property=\"og:url\" content=\"https:\/\/zeroten2.palvelin.pro\/paino\/palvelut\/tilausjarjestelma\/\" \/>\n<meta property=\"og:site_name\" content=\"Painonet Oy\" \/>\n<meta property=\"article:modified_time\" content=\"2021-06-18T06:34:14+00:00\" \/>\n<meta property=\"og:image\" content=\"https:\/\/zeroten2.palvelin.pro\/paino\/wp-content\/uploads\/2021\/06\/VIPnet-logo.png\" \/>\n<meta name=\"twitter:card\" content=\"summary_large_image\" \/>\n<meta name=\"twitter:label1\" content=\"Arvioitu lukuaika\" \/>\n\t<meta name=\"twitter:data1\" content=\"2 minuuttia\" \/>\n<script type=\"application\/ld+json\" class=\"yoast-schema-graph\">{\"@context\":\"https:\/\/schema.org\",\"@graph\":[{\"@type\":\"WebPage\",\"@id\":\"https:\/\/zeroten2.palvelin.pro\/paino\/palvelut\/tilausjarjestelma\/\",\"url\":\"https:\/\/zeroten2.palvelin.pro\/paino\/palvelut\/tilausjarjestelma\/\",\"name\":\"VIPnet-tilauskanava | Painonet Oy\",\"isPartOf\":{\"@id\":\"https:\/\/zeroten2.palvelin.pro\/paino\/#website\"},\"primaryImageOfPage\":{\"@id\":\"https:\/\/zeroten2.palvelin.pro\/paino\/palvelut\/tilausjarjestelma\/#primaryimage\"},\"image\":{\"@id\":\"https:\/\/zeroten2.palvelin.pro\/paino\/palvelut\/tilausjarjestelma\/#primaryimage\"},\"thumbnailUrl\":\"https:\/\/zeroten2.palvelin.pro\/paino\/wp-content\/uploads\/2021\/06\/VIPnet-logo.png\",\"datePublished\":\"2020-12-21T13:06:44+00:00\",\"dateModified\":\"2021-06-18T06:34:14+00:00\",\"breadcrumb\":{\"@id\":\"https:\/\/zeroten2.palvelin.pro\/paino\/palvelut\/tilausjarjestelma\/#breadcrumb\"},\"inLanguage\":\"fi\",\"potentialAction\":[{\"@type\":\"ReadAction\",\"target\":[\"https:\/\/zeroten2.palvelin.pro\/paino\/palvelut\/tilausjarjestelma\/\"]}]},{\"@type\":\"ImageObject\",\"inLanguage\":\"fi\",\"@id\":\"https:\/\/zeroten2.palvelin.pro\/paino\/palvelut\/tilausjarjestelma\/#primaryimage\",\"url\":\"https:\/\/zeroten2.palvelin.pro\/paino\/wp-content\/uploads\/2021\/06\/VIPnet-logo.png\",\"contentUrl\":\"https:\/\/zeroten2.palvelin.pro\/paino\/wp-content\/uploads\/2021\/06\/VIPnet-logo.png\",\"width\":1000,\"height\":335},{\"@type\":\"BreadcrumbList\",\"@id\":\"https:\/\/zeroten2.palvelin.pro\/paino\/palvelut\/tilausjarjestelma\/#breadcrumb\",\"itemListElement\":[{\"@type\":\"ListItem\",\"position\":1,\"name\":\"Etusivu\",\"item\":\"https:\/\/zeroten2.palvelin.pro\/paino\/\"},{\"@type\":\"ListItem\",\"position\":2,\"name\":\"Palvelut\",\"item\":\"https:\/\/zeroten2.palvelin.pro\/paino\/palvelut\/\"},{\"@type\":\"ListItem\",\"position\":3,\"name\":\"VIPnet-tilauskanava\"}]},{\"@type\":\"WebSite\",\"@id\":\"https:\/\/zeroten2.palvelin.pro\/paino\/#website\",\"url\":\"https:\/\/zeroten2.palvelin.pro\/paino\/\",\"name\":\"Painonet Oy\",\"description\":\"Painotalo Helsingiss&auml;\",\"publisher\":{\"@id\":\"https:\/\/zeroten2.palvelin.pro\/paino\/#organization\"},\"potentialAction\":[{\"@type\":\"SearchAction\",\"target\":{\"@type\":\"EntryPoint\",\"urlTemplate\":\"https:\/\/zeroten2.palvelin.pro\/paino\/?s={search_term_string}\"},\"query-input\":{\"@type\":\"PropertyValueSpecification\",\"valueRequired\":true,\"valueName\":\"search_term_string\"}}],\"inLanguage\":\"fi\"},{\"@type\":\"Organization\",\"@id\":\"https:\/\/zeroten2.palvelin.pro\/paino\/#organization\",\"name\":\"Painonet Oy\",\"url\":\"https:\/\/zeroten2.palvelin.pro\/paino\/\",\"logo\":{\"@type\":\"ImageObject\",\"inLanguage\":\"fi\",\"@id\":\"https:\/\/zeroten2.palvelin.pro\/paino\/#\/schema\/logo\/image\/\",\"url\":\"https:\/\/zeroten2.palvelin.pro\/paino\/wp-content\/uploads\/2021\/01\/painotuotteet.jpg\",\"contentUrl\":\"https:\/\/zeroten2.palvelin.pro\/paino\/wp-content\/uploads\/2021\/01\/painotuotteet.jpg\",\"width\":568,\"height\":400,\"caption\":\"Painonet Oy\"},\"image\":{\"@id\":\"https:\/\/zeroten2.palvelin.pro\/paino\/#\/schema\/logo\/image\/\"}}]}<\/script>\n<!-- \/ Yoast SEO plugin. -->","yoast_head_json":{"title":"VIPnet-tilauskanava | Painonet Oy","robots":{"index":"noindex","follow":"follow","max-snippet":"max-snippet:-1","max-image-preview":"max-image-preview:large","max-video-preview":"max-video-preview:-1"},"og_locale":"fi_FI","og_type":"article","og_title":"VIPnet-tilauskanava | Painonet Oy","og_description":"T\u00e4yt\u00e4, esikatsele ja tilaa helposti, nopeasti ja edullisesti. Voit tilata milloin tahansa, miss\u00e4 tahansa. S\u00e4hk\u00f6inen tilausj\u00e4rjestelm\u00e4 on saatavilla yritysasiakkaille. Tilausj\u00e4rjestelm\u00e4\u00e4n Ota yhteytt\u00e4 VIPnet on painoaineistojen tilauskanava yritysasiakkaille Onko organisaatiollanne tarve painattaa usein toistuvia materiaaleja (esim. k\u00e4yntikortteja) samalle graafiselle pohjalle? N\u00e4m\u00e4 on kustannustehokkainta toteuttaa tilausj\u00e4rjestelm\u00e4mme kautta. Nopeaa ja edullista Usein toistuvissa tarpeissa teett\u00e4\u00e4 henkil\u00f6st\u00f6lle tai sidosryhmille&hellip; Jatka lukemista VIPnet-tilauskanava","og_url":"https:\/\/zeroten2.palvelin.pro\/paino\/palvelut\/tilausjarjestelma\/","og_site_name":"Painonet Oy","article_modified_time":"2021-06-18T06:34:14+00:00","og_image":[{"url":"https:\/\/zeroten2.palvelin.pro\/paino\/wp-content\/uploads\/2021\/06\/VIPnet-logo.png","type":"","width":"","height":""}],"twitter_card":"summary_large_image","twitter_misc":{"Arvioitu lukuaika":"2 minuuttia"},"schema":{"@context":"https:\/\/schema.org","@graph":[{"@type":"WebPage","@id":"https:\/\/zeroten2.palvelin.pro\/paino\/palvelut\/tilausjarjestelma\/","url":"https:\/\/zeroten2.palvelin.pro\/paino\/palvelut\/tilausjarjestelma\/","name":"VIPnet-tilauskanava | Painonet Oy","isPartOf":{"@id":"https:\/\/zeroten2.palvelin.pro\/paino\/#website"},"primaryImageOfPage":{"@id":"https:\/\/zeroten2.palvelin.pro\/paino\/palvelut\/tilausjarjestelma\/#primaryimage"},"image":{"@id":"https:\/\/zeroten2.palvelin.pro\/paino\/palvelut\/tilausjarjestelma\/#primaryimage"},"thumbnailUrl":"https:\/\/zeroten2.palvelin.pro\/paino\/wp-content\/uploads\/2021\/06\/VIPnet-logo.png","datePublished":"2020-12-21T13:06:44+00:00","dateModified":"2021-06-18T06:34:14+00:00","breadcrumb":{"@id":"https:\/\/zeroten2.palvelin.pro\/paino\/palvelut\/tilausjarjestelma\/#breadcrumb"},"inLanguage":"fi","potentialAction":[{"@type":"ReadAction","target":["https:\/\/zeroten2.palvelin.pro\/paino\/palvelut\/tilausjarjestelma\/"]}]},{"@type":"ImageObject","inLanguage":"fi","@id":"https:\/\/zeroten2.palvelin.pro\/paino\/palvelut\/tilausjarjestelma\/#primaryimage","url":"https:\/\/zeroten2.palvelin.pro\/paino\/wp-content\/uploads\/2021\/06\/VIPnet-logo.png","contentUrl":"https:\/\/zeroten2.palvelin.pro\/paino\/wp-content\/uploads\/2021\/06\/VIPnet-logo.png","width":1000,"height":335},{"@type":"BreadcrumbList","@id":"https:\/\/zeroten2.palvelin.pro\/paino\/palvelut\/tilausjarjestelma\/#breadcrumb","itemListElement":[{"@type":"ListItem","position":1,"name":"Etusivu","item":"https:\/\/zeroten2.palvelin.pro\/paino\/"},{"@type":"ListItem","position":2,"name":"Palvelut","item":"https:\/\/zeroten2.palvelin.pro\/paino\/palvelut\/"},{"@type":"ListItem","position":3,"name":"VIPnet-tilauskanava"}]},{"@type":"WebSite","@id":"https:\/\/zeroten2.palvelin.pro\/paino\/#website","url":"https:\/\/zeroten2.palvelin.pro\/paino\/","name":"Painonet Oy","description":"Painotalo Helsingiss&auml;","publisher":{"@id":"https:\/\/zeroten2.palvelin.pro\/paino\/#organization"},"potentialAction":[{"@type":"SearchAction","target":{"@type":"EntryPoint","urlTemplate":"https:\/\/zeroten2.palvelin.pro\/paino\/?s={search_term_string}"},"query-input":{"@type":"PropertyValueSpecification","valueRequired":true,"valueName":"search_term_string"}}],"inLanguage":"fi"},{"@type":"Organization","@id":"https:\/\/zeroten2.palvelin.pro\/paino\/#organization","name":"Painonet Oy","url":"https:\/\/zeroten2.palvelin.pro\/paino\/","logo":{"@type":"ImageObject","inLanguage":"fi","@id":"https:\/\/zeroten2.palvelin.pro\/paino\/#\/schema\/logo\/image\/","url":"https:\/\/zeroten2.palvelin.pro\/paino\/wp-content\/uploads\/2021\/01\/painotuotteet.jpg","contentUrl":"https:\/\/zeroten2.palvelin.pro\/paino\/wp-content\/uploads\/2021\/01\/painotuotteet.jpg","width":568,"height":400,"caption":"Painonet Oy"},"image":{"@id":"https:\/\/zeroten2.palvelin.pro\/paino\/#\/schema\/logo\/image\/"}}]}},"_links":{"self":[{"href":"https:\/\/zeroten2.palvelin.pro\/paino\/wp-json\/wp\/v2\/pages\/289"}],"collection":[{"href":"https:\/\/zeroten2.palvelin.pro\/paino\/wp-json\/wp\/v2\/pages"}],"about":[{"href":"https:\/\/zeroten2.palvelin.pro\/paino\/wp-json\/wp\/v2\/types\/page"}],"author":[{"embeddable":true,"href":"https:\/\/zeroten2.palvelin.pro\/paino\/wp-json\/wp\/v2\/users\/9"}],"replies":[{"embeddable":true,"href":"https:\/\/zeroten2.palvelin.pro\/paino\/wp-json\/wp\/v2\/comments?post=289"}],"version-history":[{"count":53,"href":"https:\/\/zeroten2.palvelin.pro\/paino\/wp-json\/wp\/v2\/pages\/289\/revisions"}],"predecessor-version":[{"id":2712,"href":"https:\/\/zeroten2.palvelin.pro\/paino\/wp-json\/wp\/v2\/pages\/289\/revisions\/2712"}],"up":[{"embeddable":true,"href":"https:\/\/zeroten2.palvelin.pro\/paino\/wp-json\/wp\/v2\/pages\/27"}],"wp:attachment":[{"href":"https:\/\/zeroten2.palvelin.pro\/paino\/wp-json\/wp\/v2\/media?parent=289"}],"curies":[{"name":"wp","href":"https:\/\/api.w.org\/{rel}","templated":true}]}}