{"id":2409,"date":"2021-03-01T09:29:20","date_gmt":"2021-03-01T07:29:20","guid":{"rendered":"https:\/\/paino.net\/?page_id=2409"},"modified":"2021-03-01T10:21:25","modified_gmt":"2021-03-01T08:21:25","slug":"ymparisto","status":"publish","type":"page","link":"https:\/\/zeroten2.palvelin.pro\/paino\/yritys\/ymparisto\/","title":{"rendered":"Ymp\u00e4rist\u00f6toiminta Painonetiss\u00e4"},"content":{"rendered":"\t\t<div data-elementor-type=\"wp-page\" data-elementor-id=\"2409\" class=\"elementor elementor-2409\" data-elementor-post-type=\"page\">\n\t\t\t\t\t\t<section class=\"elementor-section elementor-top-section elementor-element elementor-element-e96994c elementor-section-height-min-height elementor-section-boxed elementor-section-height-default elementor-section-items-middle\" data-id=\"e96994c\" data-element_type=\"section\" data-e-type=\"section\" data-settings=\"{&quot;background_background&quot;:&quot;classic&quot;}\">\n\t\t\t\t\t\t\t<div class=\"elementor-background-overlay\"><\/div>\n\t\t\t\t\t\t\t<div class=\"elementor-container elementor-column-gap-default\">\n\t\t\t\t\t<div class=\"elementor-column elementor-col-100 elementor-top-column elementor-element elementor-element-4abba51a\" data-id=\"4abba51a\" data-element_type=\"column\" data-e-type=\"column\">\n\t\t\t<div class=\"elementor-widget-wrap elementor-element-populated\">\n\t\t\t\t\t\t<section class=\"elementor-section elementor-inner-section elementor-element elementor-element-21b28cbb elementor-section-boxed elementor-section-height-default elementor-section-height-default\" data-id=\"21b28cbb\" data-element_type=\"section\" data-e-type=\"section\">\n\t\t\t\t\t\t<div class=\"elementor-container elementor-column-gap-default\">\n\t\t\t\t\t<div class=\"elementor-column elementor-col-50 elementor-inner-column elementor-element elementor-element-31862d28\" data-id=\"31862d28\" data-element_type=\"column\" data-e-type=\"column\">\n\t\t\t<div class=\"elementor-widget-wrap elementor-element-populated\">\n\t\t\t\t\t\t<div class=\"elementor-element elementor-element-40506d72 elementor-widget elementor-widget-text-editor\" data-id=\"40506d72\" data-element_type=\"widget\" data-e-type=\"widget\" data-widget_type=\"text-editor.default\">\n\t\t\t\t<div class=\"elementor-widget-container\">\n\t\t\t\t\t\t\t\t\t<p>Valmistamme tuotteet nykyaikaisesti, modernia ja ymp\u00e4rist\u00f6yst\u00e4v\u00e4llist\u00e4 painotekniikkaa hy\u00f6dynt\u00e4en.<\/p>\t\t\t\t\t\t\t\t<\/div>\n\t\t\t\t<\/div>\n\t\t\t\t<div class=\"elementor-element elementor-element-542a0d6a elementor-widget__width-auto elementor-widget elementor-widget-button\" data-id=\"542a0d6a\" data-element_type=\"widget\" data-e-type=\"widget\" data-widget_type=\"button.default\">\n\t\t\t\t<div class=\"elementor-widget-container\">\n\t\t\t\t\t\t\t\t\t<div class=\"elementor-button-wrapper\">\n\t\t\t\t\t<a class=\"elementor-button elementor-button-link elementor-size-sm\" href=\"https:\/\/zeroten2.palvelin.pro\/paino\/yhteystiedot\/\">\n\t\t\t\t\t\t<span class=\"elementor-button-content-wrapper\">\n\t\t\t\t\t\t\t\t\t<span class=\"elementor-button-text\">Ota yhteytt\u00e4<\/span>\n\t\t\t\t\t<\/span>\n\t\t\t\t\t<\/a>\n\t\t\t\t<\/div>\n\t\t\t\t\t\t\t\t<\/div>\n\t\t\t\t<\/div>\n\t\t\t\t\t<\/div>\n\t\t<\/div>\n\t\t\t\t<div class=\"elementor-column elementor-col-50 elementor-inner-column elementor-element elementor-element-2db3e48b\" data-id=\"2db3e48b\" data-element_type=\"column\" data-e-type=\"column\">\n\t\t\t<div class=\"elementor-widget-wrap\">\n\t\t\t\t\t\t\t<\/div>\n\t\t<\/div>\n\t\t\t\t\t<\/div>\n\t\t<\/section>\n\t\t\t\t\t<\/div>\n\t\t<\/div>\n\t\t\t\t\t<\/div>\n\t\t<\/section>\n\t\t\t\t<section class=\"elementor-section elementor-top-section elementor-element elementor-element-72ddd33 elementor-section-boxed elementor-section-height-default elementor-section-height-default\" data-id=\"72ddd33\" data-element_type=\"section\" data-e-type=\"section\">\n\t\t\t\t\t\t<div class=\"elementor-container elementor-column-gap-extended\">\n\t\t\t\t\t<div class=\"elementor-column elementor-col-100 elementor-top-column elementor-element elementor-element-41671169\" data-id=\"41671169\" data-element_type=\"column\" data-e-type=\"column\">\n\t\t\t<div class=\"elementor-widget-wrap elementor-element-populated\">\n\t\t\t\t\t\t<div class=\"elementor-element elementor-element-422827a6 elementor-widget elementor-widget-heading\" data-id=\"422827a6\" data-element_type=\"widget\" data-e-type=\"widget\" data-widget_type=\"heading.default\">\n\t\t\t\t<div class=\"elementor-widget-container\">\n\t\t\t\t\t<h3 class=\"elementor-heading-title elementor-size-default\">Ymp\u00e4rist\u00f6toiminta Painonetiss\u00e4<\/h3>\t\t\t\t<\/div>\n\t\t\t\t<\/div>\n\t\t\t\t<div class=\"elementor-element elementor-element-2cc7704d elementor-widget elementor-widget-text-editor\" data-id=\"2cc7704d\" data-element_type=\"widget\" data-e-type=\"widget\" data-widget_type=\"text-editor.default\">\n\t\t\t\t<div class=\"elementor-widget-container\">\n\t\t\t\t\t\t\t\t\t<p>Painonet Oy osana Mailhouse-konsernia tuottaa painetun viestinn\u00e4n, suoramarkkinoinnin ja logistiikan varastointiratkaisuja, jotka edist\u00e4v\u00e4t asiakkaiden liiketoimintaa. Asiakastyytyv\u00e4isyydest\u00e4 huolehditaan tuottamalla palvelut sovitusti. Toiminnan jatkuva kehitt\u00e4minen takaa palveluiden kilpailukykyisyyden ja kannattavan liiketoiminnan. Painonet noudattaa lains\u00e4\u00e4d\u00e4nt\u00f6\u00e4, s\u00e4\u00e4d\u00f6ksi\u00e4, m\u00e4\u00e4r\u00e4yksi\u00e4 ja viranomaisten ohjeistusta sek\u00e4 omia hallinnointi- ja toimintaohjeita. Painonet kantaa vastuun ymp\u00e4rist\u00f6st\u00e4 ja parantaa jatkuvasti ymp\u00e4rist\u00f6asioiden hallinnan tasoa. Painonet noudattaa jatkuvan parantamisen periaatteita ja haluaa olla alansa johtava toimija Suomessa.<\/p>\t\t\t\t\t\t\t\t<\/div>\n\t\t\t\t<\/div>\n\t\t\t\t\t<\/div>\n\t\t<\/div>\n\t\t\t\t\t<\/div>\n\t\t<\/section>\n\t\t\t\t<section class=\"elementor-section elementor-top-section elementor-element elementor-element-30acd98 elementor-section-boxed elementor-section-height-default elementor-section-height-default\" data-id=\"30acd98\" data-element_type=\"section\" data-e-type=\"section\">\n\t\t\t\t\t\t\t<div class=\"elementor-background-overlay\"><\/div>\n\t\t\t\t\t\t\t<div class=\"elementor-container elementor-column-gap-default\">\n\t\t\t\t\t<div class=\"elementor-column elementor-col-100 elementor-top-column elementor-element elementor-element-0c0f102\" data-id=\"0c0f102\" data-element_type=\"column\" data-e-type=\"column\">\n\t\t\t<div class=\"elementor-widget-wrap elementor-element-populated\">\n\t\t\t\t\t\t<section class=\"elementor-section elementor-inner-section elementor-element elementor-element-41e1be9 elementor-section-boxed elementor-section-height-default elementor-section-height-default\" data-id=\"41e1be9\" data-element_type=\"section\" data-e-type=\"section\">\n\t\t\t\t\t\t<div class=\"elementor-container elementor-column-gap-default\">\n\t\t\t\t\t<div class=\"elementor-column elementor-col-50 elementor-inner-column elementor-element elementor-element-f57b306\" data-id=\"f57b306\" data-element_type=\"column\" data-e-type=\"column\">\n\t\t\t<div class=\"elementor-widget-wrap elementor-element-populated\">\n\t\t\t\t\t\t<div class=\"elementor-element elementor-element-81cc063 elementor-widget elementor-widget-text-editor\" data-id=\"81cc063\" data-element_type=\"widget\" data-e-type=\"widget\" data-widget_type=\"text-editor.default\">\n\t\t\t\t<div class=\"elementor-widget-container\">\n\t\t\t\t\t\t\t\t\t<p>Kannamme vastuuta ymp\u00e4rist\u00f6st\u00e4. K\u00e4yt\u00e4mme <a href=\"https:\/\/ekokompassi.fi\" target=\"_blank\" rel=\"noopener\"><strong>Ekokompassia<\/strong><\/a>.<\/p>\t\t\t\t\t\t\t\t<\/div>\n\t\t\t\t<\/div>\n\t\t\t\t\t<\/div>\n\t\t<\/div>\n\t\t\t\t<div class=\"elementor-column elementor-col-50 elementor-inner-column elementor-element elementor-element-294b7c7\" data-id=\"294b7c7\" data-element_type=\"column\" data-e-type=\"column\">\n\t\t\t<div class=\"elementor-widget-wrap elementor-element-populated\">\n\t\t\t\t\t\t<div class=\"elementor-element elementor-element-b3e0e6e elementor-widget elementor-widget-image\" data-id=\"b3e0e6e\" data-element_type=\"widget\" data-e-type=\"widget\" data-widget_type=\"image.default\">\n\t\t\t\t<div class=\"elementor-widget-container\">\n\t\t\t\t\t\t\t\t\t\t\t\t\t\t\t\t<a href=\"https:\/\/ekokompassi.fi\/\" target=\"_blank\">\n\t\t\t\t\t\t\t<img decoding=\"async\" width=\"200\" height=\"68\" src=\"https:\/\/zeroten2.palvelin.pro\/paino\/wp-content\/uploads\/2021\/03\/Ekokompassilogo.png\" class=\"attachment-full size-full wp-image-2429\" alt=\"\" style=\"width:100%;height:34%;max-width:200px\" \/>\t\t\t\t\t\t\t\t<\/a>\n\t\t\t\t\t\t\t\t\t\t\t\t\t\t\t<\/div>\n\t\t\t\t<\/div>\n\t\t\t\t\t<\/div>\n\t\t<\/div>\n\t\t\t\t\t<\/div>\n\t\t<\/section>\n\t\t\t\t\t<\/div>\n\t\t<\/div>\n\t\t\t\t\t<\/div>\n\t\t<\/section>\n\t\t\t\t<section class=\"elementor-section elementor-top-section elementor-element elementor-element-c5a3077 elementor-section-boxed elementor-section-height-default elementor-section-height-default\" data-id=\"c5a3077\" data-element_type=\"section\" data-e-type=\"section\">\n\t\t\t\t\t\t\t<div class=\"elementor-background-overlay\"><\/div>\n\t\t\t\t\t\t\t<div class=\"elementor-container elementor-column-gap-default\">\n\t\t\t\t\t<div class=\"elementor-column elementor-col-100 elementor-top-column elementor-element elementor-element-739c4a2\" data-id=\"739c4a2\" data-element_type=\"column\" data-e-type=\"column\">\n\t\t\t<div class=\"elementor-widget-wrap elementor-element-populated\">\n\t\t\t\t\t\t<div class=\"elementor-element elementor-element-83b9050 elementor-widget elementor-widget-image\" data-id=\"83b9050\" data-element_type=\"widget\" data-e-type=\"widget\" data-widget_type=\"image.default\">\n\t\t\t\t<div class=\"elementor-widget-container\">\n\t\t\t\t\t\t\t\t\t\t\t\t\t\t\t<img fetchpriority=\"high\" decoding=\"async\" width=\"900\" height=\"1273\" src=\"https:\/\/zeroten2.palvelin.pro\/paino\/wp-content\/uploads\/2021\/03\/ekokompassi_todistus.jpg\" class=\"attachment-full size-full wp-image-2425\" alt=\"\" srcset=\"https:\/\/zeroten2.palvelin.pro\/paino\/wp-content\/uploads\/2021\/03\/ekokompassi_todistus.jpg 900w, https:\/\/zeroten2.palvelin.pro\/paino\/wp-content\/uploads\/2021\/03\/ekokompassi_todistus-600x849.jpg 600w, https:\/\/zeroten2.palvelin.pro\/paino\/wp-content\/uploads\/2021\/03\/ekokompassi_todistus-212x300.jpg 212w, https:\/\/zeroten2.palvelin.pro\/paino\/wp-content\/uploads\/2021\/03\/ekokompassi_todistus-724x1024.jpg 724w, https:\/\/zeroten2.palvelin.pro\/paino\/wp-content\/uploads\/2021\/03\/ekokompassi_todistus-768x1086.jpg 768w\" sizes=\"(max-width: 900px) 100vw, 900px\" style=\"width:100%;height:141.44%;max-width:900px\" \/>\t\t\t\t\t\t\t\t\t\t\t\t\t\t\t<\/div>\n\t\t\t\t<\/div>\n\t\t\t\t\t<\/div>\n\t\t<\/div>\n\t\t\t\t\t<\/div>\n\t\t<\/section>\n\t\t\t\t<\/div>\n\t\t","protected":false},"excerpt":{"rendered":"<p>Valmistamme tuotteet nykyaikaisesti, modernia ja ymp\u00e4rist\u00f6yst\u00e4v\u00e4llist\u00e4 painotekniikkaa hy\u00f6dynt\u00e4en. Ota yhteytt\u00e4 Ymp\u00e4rist\u00f6toiminta Painonetiss\u00e4 Painonet Oy osana Mailhouse-konsernia tuottaa painetun viestinn\u00e4n, suoramarkkinoinnin ja logistiikan varastointiratkaisuja, jotka edist\u00e4v\u00e4t asiakkaiden liiketoimintaa. Asiakastyytyv\u00e4isyydest\u00e4 huolehditaan tuottamalla palvelut sovitusti. Toiminnan jatkuva kehitt\u00e4minen takaa palveluiden kilpailukykyisyyden ja kannattavan liiketoiminnan. Painonet noudattaa lains\u00e4\u00e4d\u00e4nt\u00f6\u00e4, s\u00e4\u00e4d\u00f6ksi\u00e4, m\u00e4\u00e4r\u00e4yksi\u00e4 ja viranomaisten ohjeistusta sek\u00e4 omia hallinnointi- ja toimintaohjeita. Painonet&hellip; <a class=\"more-link\" href=\"https:\/\/zeroten2.palvelin.pro\/paino\/yritys\/ymparisto\/\">Jatka lukemista <span class=\"screen-reader-text\">Ymp\u00e4rist\u00f6toiminta Painonetiss\u00e4<\/span><\/a><\/p>\n","protected":false},"author":9,"featured_media":0,"parent":525,"menu_order":0,"comment_status":"closed","ping_status":"closed","template":"","meta":{"inline_featured_image":false,"footnotes":""},"class_list":["post-2409","page","type-page","status-publish","hentry","entry"],"yoast_head":"<!-- This site is optimized with the Yoast SEO plugin v25.6 - https:\/\/yoast.com\/wordpress\/plugins\/seo\/ -->\n<title>Ymp\u00e4rist\u00f6toiminta Painonetiss\u00e4 | Painonet Oy<\/title>\n<meta name=\"description\" content=\"Painonet kantaa vastuun ymp\u00e4rist\u00f6st\u00e4 ja parantaa jatkuvasti ymp\u00e4rist\u00f6asioiden hallinnan tasoa. Noudatamme jatkuvan parantamisen periaatteita.\" \/>\n<meta name=\"robots\" content=\"noindex, follow, max-snippet:-1, max-image-preview:large, max-video-preview:-1\" \/>\n<meta property=\"og:locale\" content=\"fi_FI\" \/>\n<meta property=\"og:type\" content=\"article\" \/>\n<meta property=\"og:title\" content=\"Ymp\u00e4rist\u00f6toiminta Painonetiss\u00e4 | Painonet Oy\" \/>\n<meta property=\"og:description\" content=\"Painonet kantaa vastuun ymp\u00e4rist\u00f6st\u00e4 ja parantaa jatkuvasti ymp\u00e4rist\u00f6asioiden hallinnan tasoa. Noudatamme jatkuvan parantamisen periaatteita.\" \/>\n<meta property=\"og:url\" content=\"https:\/\/zeroten2.palvelin.pro\/paino\/yritys\/ymparisto\/\" \/>\n<meta property=\"og:site_name\" content=\"Painonet Oy\" \/>\n<meta property=\"article:modified_time\" content=\"2021-03-01T08:21:25+00:00\" \/>\n<meta property=\"og:image\" content=\"https:\/\/zeroten2.palvelin.pro\/paino\/wp-content\/uploads\/2021\/03\/ymparisto-social.jpg\" \/>\n\t<meta property=\"og:image:width\" content=\"1200\" \/>\n\t<meta property=\"og:image:height\" content=\"630\" \/>\n\t<meta property=\"og:image:type\" content=\"image\/jpeg\" \/>\n<meta name=\"twitter:card\" content=\"summary_large_image\" \/>\n<meta name=\"twitter:description\" content=\"Painonet kantaa vastuun ymp\u00e4rist\u00f6st\u00e4 ja parantaa jatkuvasti ymp\u00e4rist\u00f6asioiden hallinnan tasoa. Noudatamme jatkuvan parantamisen periaatteita.\" \/>\n<meta name=\"twitter:label1\" content=\"Arvioitu lukuaika\" \/>\n\t<meta name=\"twitter:data1\" content=\"1 minuutti\" \/>\n<script type=\"application\/ld+json\" class=\"yoast-schema-graph\">{\"@context\":\"https:\/\/schema.org\",\"@graph\":[{\"@type\":\"WebPage\",\"@id\":\"https:\/\/zeroten2.palvelin.pro\/paino\/yritys\/ymparisto\/\",\"url\":\"https:\/\/zeroten2.palvelin.pro\/paino\/yritys\/ymparisto\/\",\"name\":\"Ymp\u00e4rist\u00f6toiminta Painonetiss\u00e4 | Painonet Oy\",\"isPartOf\":{\"@id\":\"https:\/\/zeroten2.palvelin.pro\/paino\/#website\"},\"primaryImageOfPage\":{\"@id\":\"https:\/\/zeroten2.palvelin.pro\/paino\/yritys\/ymparisto\/#primaryimage\"},\"image\":{\"@id\":\"https:\/\/zeroten2.palvelin.pro\/paino\/yritys\/ymparisto\/#primaryimage\"},\"thumbnailUrl\":\"https:\/\/zeroten2.palvelin.pro\/paino\/wp-content\/uploads\/2021\/03\/Ekokompassilogo.png\",\"datePublished\":\"2021-03-01T07:29:20+00:00\",\"dateModified\":\"2021-03-01T08:21:25+00:00\",\"description\":\"Painonet kantaa vastuun ymp\u00e4rist\u00f6st\u00e4 ja parantaa jatkuvasti ymp\u00e4rist\u00f6asioiden hallinnan tasoa. Noudatamme jatkuvan parantamisen periaatteita.\",\"breadcrumb\":{\"@id\":\"https:\/\/zeroten2.palvelin.pro\/paino\/yritys\/ymparisto\/#breadcrumb\"},\"inLanguage\":\"fi\",\"potentialAction\":[{\"@type\":\"ReadAction\",\"target\":[\"https:\/\/zeroten2.palvelin.pro\/paino\/yritys\/ymparisto\/\"]}]},{\"@type\":\"ImageObject\",\"inLanguage\":\"fi\",\"@id\":\"https:\/\/zeroten2.palvelin.pro\/paino\/yritys\/ymparisto\/#primaryimage\",\"url\":\"https:\/\/zeroten2.palvelin.pro\/paino\/wp-content\/uploads\/2021\/03\/Ekokompassilogo.png\",\"contentUrl\":\"https:\/\/zeroten2.palvelin.pro\/paino\/wp-content\/uploads\/2021\/03\/Ekokompassilogo.png\",\"width\":200,\"height\":68},{\"@type\":\"BreadcrumbList\",\"@id\":\"https:\/\/zeroten2.palvelin.pro\/paino\/yritys\/ymparisto\/#breadcrumb\",\"itemListElement\":[{\"@type\":\"ListItem\",\"position\":1,\"name\":\"Etusivu\",\"item\":\"https:\/\/zeroten2.palvelin.pro\/paino\/\"},{\"@type\":\"ListItem\",\"position\":2,\"name\":\"Yritys\",\"item\":\"https:\/\/zeroten2.palvelin.pro\/paino\/yritys\/\"},{\"@type\":\"ListItem\",\"position\":3,\"name\":\"Ymp\u00e4rist\u00f6toiminta Painonetiss\u00e4\"}]},{\"@type\":\"WebSite\",\"@id\":\"https:\/\/zeroten2.palvelin.pro\/paino\/#website\",\"url\":\"https:\/\/zeroten2.palvelin.pro\/paino\/\",\"name\":\"Painonet Oy\",\"description\":\"Painotalo Helsingiss&auml;\",\"publisher\":{\"@id\":\"https:\/\/zeroten2.palvelin.pro\/paino\/#organization\"},\"potentialAction\":[{\"@type\":\"SearchAction\",\"target\":{\"@type\":\"EntryPoint\",\"urlTemplate\":\"https:\/\/zeroten2.palvelin.pro\/paino\/?s={search_term_string}\"},\"query-input\":{\"@type\":\"PropertyValueSpecification\",\"valueRequired\":true,\"valueName\":\"search_term_string\"}}],\"inLanguage\":\"fi\"},{\"@type\":\"Organization\",\"@id\":\"https:\/\/zeroten2.palvelin.pro\/paino\/#organization\",\"name\":\"Painonet Oy\",\"url\":\"https:\/\/zeroten2.palvelin.pro\/paino\/\",\"logo\":{\"@type\":\"ImageObject\",\"inLanguage\":\"fi\",\"@id\":\"https:\/\/zeroten2.palvelin.pro\/paino\/#\/schema\/logo\/image\/\",\"url\":\"https:\/\/zeroten2.palvelin.pro\/paino\/wp-content\/uploads\/2021\/01\/painotuotteet.jpg\",\"contentUrl\":\"https:\/\/zeroten2.palvelin.pro\/paino\/wp-content\/uploads\/2021\/01\/painotuotteet.jpg\",\"width\":568,\"height\":400,\"caption\":\"Painonet Oy\"},\"image\":{\"@id\":\"https:\/\/zeroten2.palvelin.pro\/paino\/#\/schema\/logo\/image\/\"}}]}<\/script>\n<!-- \/ Yoast SEO plugin. -->","yoast_head_json":{"title":"Ymp\u00e4rist\u00f6toiminta Painonetiss\u00e4 | Painonet Oy","description":"Painonet kantaa vastuun ymp\u00e4rist\u00f6st\u00e4 ja parantaa jatkuvasti ymp\u00e4rist\u00f6asioiden hallinnan tasoa. Noudatamme jatkuvan parantamisen periaatteita.","robots":{"index":"noindex","follow":"follow","max-snippet":"max-snippet:-1","max-image-preview":"max-image-preview:large","max-video-preview":"max-video-preview:-1"},"og_locale":"fi_FI","og_type":"article","og_title":"Ymp\u00e4rist\u00f6toiminta Painonetiss\u00e4 | Painonet Oy","og_description":"Painonet kantaa vastuun ymp\u00e4rist\u00f6st\u00e4 ja parantaa jatkuvasti ymp\u00e4rist\u00f6asioiden hallinnan tasoa. Noudatamme jatkuvan parantamisen periaatteita.","og_url":"https:\/\/zeroten2.palvelin.pro\/paino\/yritys\/ymparisto\/","og_site_name":"Painonet Oy","article_modified_time":"2021-03-01T08:21:25+00:00","og_image":[{"width":1200,"height":630,"url":"https:\/\/zeroten2.palvelin.pro\/paino\/wp-content\/uploads\/2021\/03\/ymparisto-social.jpg","type":"image\/jpeg"}],"twitter_card":"summary_large_image","twitter_description":"Painonet kantaa vastuun ymp\u00e4rist\u00f6st\u00e4 ja parantaa jatkuvasti ymp\u00e4rist\u00f6asioiden hallinnan tasoa. Noudatamme jatkuvan parantamisen periaatteita.","twitter_misc":{"Arvioitu lukuaika":"1 minuutti"},"schema":{"@context":"https:\/\/schema.org","@graph":[{"@type":"WebPage","@id":"https:\/\/zeroten2.palvelin.pro\/paino\/yritys\/ymparisto\/","url":"https:\/\/zeroten2.palvelin.pro\/paino\/yritys\/ymparisto\/","name":"Ymp\u00e4rist\u00f6toiminta Painonetiss\u00e4 | Painonet Oy","isPartOf":{"@id":"https:\/\/zeroten2.palvelin.pro\/paino\/#website"},"primaryImageOfPage":{"@id":"https:\/\/zeroten2.palvelin.pro\/paino\/yritys\/ymparisto\/#primaryimage"},"image":{"@id":"https:\/\/zeroten2.palvelin.pro\/paino\/yritys\/ymparisto\/#primaryimage"},"thumbnailUrl":"https:\/\/zeroten2.palvelin.pro\/paino\/wp-content\/uploads\/2021\/03\/Ekokompassilogo.png","datePublished":"2021-03-01T07:29:20+00:00","dateModified":"2021-03-01T08:21:25+00:00","description":"Painonet kantaa vastuun ymp\u00e4rist\u00f6st\u00e4 ja parantaa jatkuvasti ymp\u00e4rist\u00f6asioiden hallinnan tasoa. Noudatamme jatkuvan parantamisen periaatteita.","breadcrumb":{"@id":"https:\/\/zeroten2.palvelin.pro\/paino\/yritys\/ymparisto\/#breadcrumb"},"inLanguage":"fi","potentialAction":[{"@type":"ReadAction","target":["https:\/\/zeroten2.palvelin.pro\/paino\/yritys\/ymparisto\/"]}]},{"@type":"ImageObject","inLanguage":"fi","@id":"https:\/\/zeroten2.palvelin.pro\/paino\/yritys\/ymparisto\/#primaryimage","url":"https:\/\/zeroten2.palvelin.pro\/paino\/wp-content\/uploads\/2021\/03\/Ekokompassilogo.png","contentUrl":"https:\/\/zeroten2.palvelin.pro\/paino\/wp-content\/uploads\/2021\/03\/Ekokompassilogo.png","width":200,"height":68},{"@type":"BreadcrumbList","@id":"https:\/\/zeroten2.palvelin.pro\/paino\/yritys\/ymparisto\/#breadcrumb","itemListElement":[{"@type":"ListItem","position":1,"name":"Etusivu","item":"https:\/\/zeroten2.palvelin.pro\/paino\/"},{"@type":"ListItem","position":2,"name":"Yritys","item":"https:\/\/zeroten2.palvelin.pro\/paino\/yritys\/"},{"@type":"ListItem","position":3,"name":"Ymp\u00e4rist\u00f6toiminta Painonetiss\u00e4"}]},{"@type":"WebSite","@id":"https:\/\/zeroten2.palvelin.pro\/paino\/#website","url":"https:\/\/zeroten2.palvelin.pro\/paino\/","name":"Painonet Oy","description":"Painotalo Helsingiss&auml;","publisher":{"@id":"https:\/\/zeroten2.palvelin.pro\/paino\/#organization"},"potentialAction":[{"@type":"SearchAction","target":{"@type":"EntryPoint","urlTemplate":"https:\/\/zeroten2.palvelin.pro\/paino\/?s={search_term_string}"},"query-input":{"@type":"PropertyValueSpecification","valueRequired":true,"valueName":"search_term_string"}}],"inLanguage":"fi"},{"@type":"Organization","@id":"https:\/\/zeroten2.palvelin.pro\/paino\/#organization","name":"Painonet Oy","url":"https:\/\/zeroten2.palvelin.pro\/paino\/","logo":{"@type":"ImageObject","inLanguage":"fi","@id":"https:\/\/zeroten2.palvelin.pro\/paino\/#\/schema\/logo\/image\/","url":"https:\/\/zeroten2.palvelin.pro\/paino\/wp-content\/uploads\/2021\/01\/painotuotteet.jpg","contentUrl":"https:\/\/zeroten2.palvelin.pro\/paino\/wp-content\/uploads\/2021\/01\/painotuotteet.jpg","width":568,"height":400,"caption":"Painonet Oy"},"image":{"@id":"https:\/\/zeroten2.palvelin.pro\/paino\/#\/schema\/logo\/image\/"}}]}},"_links":{"self":[{"href":"https:\/\/zeroten2.palvelin.pro\/paino\/wp-json\/wp\/v2\/pages\/2409"}],"collection":[{"href":"https:\/\/zeroten2.palvelin.pro\/paino\/wp-json\/wp\/v2\/pages"}],"about":[{"href":"https:\/\/zeroten2.palvelin.pro\/paino\/wp-json\/wp\/v2\/types\/page"}],"author":[{"embeddable":true,"href":"https:\/\/zeroten2.palvelin.pro\/paino\/wp-json\/wp\/v2\/users\/9"}],"replies":[{"embeddable":true,"href":"https:\/\/zeroten2.palvelin.pro\/paino\/wp-json\/wp\/v2\/comments?post=2409"}],"version-history":[{"count":34,"href":"https:\/\/zeroten2.palvelin.pro\/paino\/wp-json\/wp\/v2\/pages\/2409\/revisions"}],"predecessor-version":[{"id":2450,"href":"https:\/\/zeroten2.palvelin.pro\/paino\/wp-json\/wp\/v2\/pages\/2409\/revisions\/2450"}],"up":[{"embeddable":true,"href":"https:\/\/zeroten2.palvelin.pro\/paino\/wp-json\/wp\/v2\/pages\/525"}],"wp:attachment":[{"href":"https:\/\/zeroten2.palvelin.pro\/paino\/wp-json\/wp\/v2\/media?parent=2409"}],"curies":[{"name":"wp","href":"https:\/\/api.w.org\/{rel}","templated":true}]}}